{"id":6,"date":"2011-01-14T11:53:52","date_gmt":"2011-01-14T11:53:52","guid":{"rendered":"http:\/\/french.beatricevha.com\/?page_id=6"},"modified":"2011-01-14T11:54:02","modified_gmt":"2011-01-14T11:54:02","slug":"traduction","status":"publish","type":"page","link":"http:\/\/french.beatricevha.com\/?page_id=6","title":{"rendered":"Traduction"},"content":{"rendered":"<p>Vous pouvez compter sur moi pour livrer des traductions fid\u00e8les touchant \u00e0 divers domaines et dans les d\u00e9lais impartis<\/p>\n<ul>\n<li><strong>droit<\/strong><\/li>\n<li><strong>finance<\/strong><\/li>\n<li><strong>commerce<\/strong><\/li>\n<li><strong>marketing<\/strong><\/li>\n<li><strong>documentation d\u2019entreprise<\/strong><\/li>\n<\/ul>\n<p>J\u2019effectue aussi des traductions techniques et m\u00e9dicales. Veuillez me contacter pour plus de renseignements.<\/p>\n<p>Et si vos besoins en traduction concernent mes autres centres d\u2019int\u00e9r\u00eats, je serais ravie de vous aider\u00a0!<\/p>\n<ul>\n<li>sport<\/li>\n<li>cuisine<\/li>\n<li>mode et beaut\u00e9<\/li>\n<li>art<\/li>\n<li>tourisme<\/li>\n<li>histoire<\/li>\n<\/ul>\n<p>Je peux fournir des lettres de recommandation et t\u00e9moignages d\u2019estime sur demande.<\/p>\n","protected":false},"excerpt":{"rendered":"<p>Vous pouvez compter sur moi pour livrer des traductions fid\u00e8les touchant \u00e0 divers domaines et dans les d\u00e9lais impartis droit finance commerce marketing documentation d\u2019entreprise J\u2019effectue aussi des traductions techniques et m\u00e9dicales. Veuillez me contacter pour plus de renseignements. Et &hellip; <a href=\"http:\/\/french.beatricevha.com\/?page_id=6\">Continue reading <span class=\"meta-nav\">&rarr;<\/span><\/a><\/p>\n","protected":false},"author":1,"featured_media":0,"parent":0,"menu_order":2,"comment_status":"closed","ping_status":"closed","template":"","meta":[],"_links":{"self":[{"href":"http:\/\/french.beatricevha.com\/index.php?rest_route=\/wp\/v2\/pages\/6"}],"collection":[{"href":"http:\/\/french.beatricevha.com\/index.php?rest_route=\/wp\/v2\/pages"}],"about":[{"href":"http:\/\/french.beatricevha.com\/index.php?rest_route=\/wp\/v2\/types\/page"}],"author":[{"embeddable":true,"href":"http:\/\/french.beatricevha.com\/index.php?rest_route=\/wp\/v2\/users\/1"}],"replies":[{"embeddable":true,"href":"http:\/\/french.beatricevha.com\/index.php?rest_route=%2Fwp%2Fv2%2Fcomments&post=6"}],"version-history":[{"count":3,"href":"http:\/\/french.beatricevha.com\/index.php?rest_route=\/wp\/v2\/pages\/6\/revisions"}],"predecessor-version":[{"id":9,"href":"http:\/\/french.beatricevha.com\/index.php?rest_route=\/wp\/v2\/pages\/6\/revisions\/9"}],"wp:attachment":[{"href":"http:\/\/french.beatricevha.com\/index.php?rest_route=%2Fwp%2Fv2%2Fmedia&parent=6"}],"curies":[{"name":"wp","href":"https:\/\/api.w.org\/{rel}","templated":true}]}}